{"id":6,"date":"2024-02-12T03:06:59","date_gmt":"2024-02-12T02:06:59","guid":{"rendered":"https:\/\/gruaslosnachos.studiocreativosg.com\/?page_id=6"},"modified":"2024-02-21T17:01:52","modified_gmt":"2024-02-21T16:01:52","slug":"inicio","status":"publish","type":"page","link":"https:\/\/gruaslosnachos.studiocreativosg.com\/","title":{"rendered":"Inicio"},"content":{"rendered":"<p>[et_pb_section fb_built=\u00bb1&#8243; _builder_version=\u00bb4.24.0&#8243; _module_preset=\u00bbdefault\u00bb da_disable_devices=\u00bboff|off|off\u00bb global_colors_info=\u00bb{}\u00bb da_is_popup=\u00bboff\u00bb da_exit_intent=\u00bboff\u00bb da_has_close=\u00bbon\u00bb da_alt_close=\u00bboff\u00bb da_dark_close=\u00bboff\u00bb da_not_modal=\u00bbon\u00bb da_is_singular=\u00bboff\u00bb da_with_loader=\u00bboff\u00bb da_has_shadow=\u00bbon\u00bb][et_pb_row column_structure=\u00bb2_5,3_5&#8243; _builder_version=\u00bb4.24.0&#8243; _module_preset=\u00bbdefault\u00bb global_colors_info=\u00bb{}\u00bb][et_pb_column type=\u00bb2_5&#8243; _builder_version=\u00bb4.24.0&#8243; _module_preset=\u00bbdefault\u00bb global_colors_info=\u00bb{}\u00bb][et_pb_image src=\u00bbhttps:\/\/gruaslosnachos.studiocreativosg.com\/wp-content\/uploads\/2024\/02\/chicapreocupada.jpg\u00bb title_text=\u00bbchicapreocupada\u00bb _builder_version=\u00bb4.24.0&#8243; _module_preset=\u00bbdefault\u00bb border_radii=\u00bbon|40px|40px|40px|40px\u00bb global_colors_info=\u00bb{}\u00bb][\/et_pb_image][\/et_pb_column][et_pb_column type=\u00bb3_5&#8243; _builder_version=\u00bb4.24.0&#8243; _module_preset=\u00bbdefault\u00bb global_colors_info=\u00bb{}\u00bb][ba_info_box main_figure=\u00bbicon\u00bb icon=\u00bb&#x3e;||divi||400&#8243; title=\u00bbAtenci\u00f3n directa  24H\/7D\u00bb body_content=\u00bb<\/p>\n<p>No importa la situaci\u00f3n en la que se encuentre incapacitado para mover su vehiculo, nosotros en Gr\u00faas Nacho`s estamos comprometidos con brindarte la mejor atenci\u00f3n con el traslado de tu vehiculo, encomiendas, mudanzas entre otros. Solo debes comunicarte con nosotros y de inmediato te responderemos.<\/p>\n<p>\u00bb use_button=\u00bbon\u00bb button_text=\u00bbCotizar Servicio\u00bb button_link=\u00bbhttps:\/\/wa.link\/u2fa3h\u00bb icon_size=\u00bb19px\u00bb btn_spacing_top=\u00bb21px\u00bb title_bottom_spacing=\u00bb17px\u00bb admin_label=\u00bbTorq Info Box\u00bb _builder_version=\u00bb4.24.1&#8243; _module_preset=\u00bbdefault\u00bb title_font=\u00bbOutfit||||||||\u00bb title_font_size=\u00bb32px\u00bb body_font=\u00bbOutfit||||||||\u00bb body_font_size=\u00bb16px\u00bb custom_button=\u00bbon\u00bb button_text_size=\u00bb1rem\u00bb button_text_color=\u00bb#FDEDF8&#8243; button_bg_color=\u00bb#FF510C\u00bb button_border_color=\u00bbRGBA(255,255,255,0)\u00bb button_border_radius=\u00bb25px\u00bb button_icon=\u00bb&#xf232;||fa||400&#8243; button_icon_placement=\u00bbleft\u00bb text_orientation=\u00bbleft\u00bb custom_margin=\u00bb||1px|||\u00bb custom_padding=\u00bb||26px|||\u00bb global_colors_info=\u00bb{}\u00bb][\/ba_info_box][dsm_icon_list list_space_between=\u00bb20px\u00bb module_id=\u00bbnosotros\u00bb _builder_version=\u00bb4.24.1&#8243; _module_preset=\u00bbdefault\u00bb text_font=\u00bbOutfit||||||||\u00bb text_font_size=\u00bb16px\u00bb custom_margin=\u00bb27px|||||\u00bb global_colors_info=\u00bb{}\u00bb][dsm_icon_list_child text=\u00bb Trasladamos tu veh\u00edculo con cuidado y profesionalidad, ya sea dentro de Santiago o a otras ciudades de Chile.\u00bb font_icon=\u00bb&#x5c;||divi||400&#8243; icon_color=\u00bb#E74100&#8243; icon_font_size=\u00bb18px\u00bb _builder_version=\u00bb4.24.1&#8243; _module_preset=\u00bbdefault\u00bb text_line_height=\u00bb1.5em\u00bb global_colors_info=\u00bb{}\u00bb][\/dsm_icon_list_child][dsm_icon_list_child text=\u00bbAtendemos emergencias las 24 horas del d\u00eda, los 7 d\u00edas de la semana. Contamos con una moderna flota de gr\u00faas para cubrir cualquier necesidad.\u00bb font_icon=\u00bb&#x5c;||divi||400&#8243; icon_color=\u00bb#E74100&#8243; icon_font_size=\u00bb18px\u00bb _builder_version=\u00bb4.24.1&#8243; _module_preset=\u00bbdefault\u00bb text_line_height=\u00bb1.5em\u00bb global_colors_info=\u00bb{}\u00bb][\/dsm_icon_list_child][dsm_icon_list_child text=\u00bbNos comprometemos con la calidad de nuestro servicio y la satisfacci\u00f3n de nuestros clientes.\u00bb font_icon=\u00bb&#x5c;||divi||400&#8243; icon_color=\u00bb#E74100&#8243; icon_font_size=\u00bb18px\u00bb _builder_version=\u00bb4.24.1&#8243; _module_preset=\u00bbdefault\u00bb text_line_height=\u00bb1.5em\u00bb global_colors_info=\u00bb{}\u00bb][\/dsm_icon_list_child][dsm_icon_list_child text=\u00bbAtendemos tu llamada en el menor tiempo posible y enviamos una gr\u00faa a tu ubicaci\u00f3n de inmediato.\u00bb font_icon=\u00bb&#x5c;||divi||400&#8243; icon_color=\u00bb#E74100&#8243; icon_font_size=\u00bb18px\u00bb _builder_version=\u00bb4.24.1&#8243; _module_preset=\u00bbdefault\u00bb text_line_height=\u00bb1.5em\u00bb global_colors_info=\u00bb{}\u00bb][\/dsm_icon_list_child][\/dsm_icon_list][\/et_pb_column][\/et_pb_row][et_pb_row use_custom_gutter=\u00bbon\u00bb gutter_width=\u00bb2&#8243; make_equal=\u00bbon\u00bb _builder_version=\u00bb4.24.1&#8243; _module_preset=\u00bbdefault\u00bb width=\u00bb100%\u00bb global_colors_info=\u00bb{}\u00bb][et_pb_column type=\u00bb4_4&#8243; _builder_version=\u00bb4.24.1&#8243; _module_preset=\u00bbdefault\u00bb global_colors_info=\u00bb{}\u00bb][et_pb_divider color=\u00bb#FF6B30&#8243; _builder_version=\u00bb4.24.1&#8243; _module_preset=\u00bbdefault\u00bb global_colors_info=\u00bb{}\u00bb][\/et_pb_divider][\/et_pb_column][\/et_pb_row][et_pb_row column_structure=\u00bb1_5,1_5,1_5,1_5,1_5&#8243; use_custom_gutter=\u00bbon\u00bb gutter_width=\u00bb2&#8243; make_equal=\u00bbon\u00bb _builder_version=\u00bb4.24.1&#8243; _module_preset=\u00bbdefault\u00bb width=\u00bb100%\u00bb global_colors_info=\u00bb{}\u00bb][et_pb_column type=\u00bb1_5&#8243; _builder_version=\u00bb4.24.1&#8243; _module_preset=\u00bbdefault\u00bb global_colors_info=\u00bb{}\u00bb][ba_icon_box use_image=\u00bbon\u00bb icon_image=\u00bbhttps:\/\/gruaslosnachos.studiocreativosg.com\/wp-content\/uploads\/2024\/02\/grua-carro.png\u00bb title=\u00bbFlota Moderna\u00bb description=\u00bbContamos con una moderna flota de veh\u00edculos y gr\u00faas para ofrecer un servicio de calidad.\u00bb icon_size=\u00bb115px\u00bb _builder_version=\u00bb4.24.1&#8243; _module_preset=\u00bbdefault\u00bb title_font=\u00bbOutfit||||||||\u00bb title_text_color=\u00bb#E74100&#8243; description_font=\u00bbOutfit||||||||\u00bb description_text_color=\u00bb#494949&#8243; description_font_size=\u00bb16px\u00bb custom_padding=\u00bb0px|0px|0px|0px|true|true\u00bb border_color_all_icon=\u00bb#E74100&#8243; border_radii_box=\u00bbon||||\u00bb border_width_all_box=\u00bb0px\u00bb global_colors_info=\u00bb{}\u00bb][\/ba_icon_box][\/et_pb_column][et_pb_column type=\u00bb1_5&#8243; _builder_version=\u00bb4.24.1&#8243; _module_preset=\u00bbdefault\u00bb global_colors_info=\u00bb{}\u00bb][ba_icon_box use_image=\u00bbon\u00bb icon_image=\u00bbhttps:\/\/gruaslosnachos.studiocreativosg.com\/wp-content\/uploads\/2024\/02\/carro.png\u00bb title=\u00bbTiempo de respuesta r\u00e1pido\u00bb description=\u00bbLlegamos a tu ubicaci\u00f3n en el menor tiempo posible para ayudarte a solucionar tu problema.\u00bb icon_size=\u00bb115px\u00bb _builder_version=\u00bb4.24.1&#8243; _module_preset=\u00bbdefault\u00bb title_font=\u00bbOutfit||||||||\u00bb title_text_color=\u00bb#E74100&#8243; description_font=\u00bbOutfit||||||||\u00bb description_text_color=\u00bb#494949&#8243; description_font_size=\u00bb16px\u00bb custom_padding=\u00bb0px|0px|0px|0px|true|true\u00bb border_width_all_box=\u00bb0px\u00bb global_colors_info=\u00bb{}\u00bb][\/ba_icon_box][\/et_pb_column][et_pb_column type=\u00bb1_5&#8243; _builder_version=\u00bb4.24.1&#8243; _module_preset=\u00bbdefault\u00bb global_colors_info=\u00bb{}\u00bb][ba_icon_box use_image=\u00bbon\u00bb icon_image=\u00bbhttps:\/\/gruaslosnachos.studiocreativosg.com\/wp-content\/uploads\/2024\/02\/camion-en-movimiento.png\u00bb title=\u00bbServicio de Mudanza\u00bb description=\u00bbContamos con un servicio de mundanza de calidad,   para trasladar tus bienes de forma segura\u00bb icon_size=\u00bb115px\u00bb _builder_version=\u00bb4.24.1&#8243; _module_preset=\u00bbdefault\u00bb title_font=\u00bbOutfit||||||||\u00bb title_text_color=\u00bb#E74100&#8243; description_font=\u00bbOutfit||||||||\u00bb description_text_color=\u00bb#494949&#8243; description_font_size=\u00bb16px\u00bb custom_padding=\u00bb0px|0px|0px|0px|true|true\u00bb border_width_all_box=\u00bb0px\u00bb global_colors_info=\u00bb{}\u00bb][\/ba_icon_box][\/et_pb_column][et_pb_column type=\u00bb1_5&#8243; _builder_version=\u00bb4.24.1&#8243; _module_preset=\u00bbdefault\u00bb global_colors_info=\u00bb{}\u00bb][ba_icon_box use_image=\u00bbon\u00bb icon_image=\u00bbhttps:\/\/gruaslosnachos.studiocreativosg.com\/wp-content\/uploads\/2024\/02\/presion-de-llanta.png\u00bb title=\u00bbAsistencia en la v\u00eda\u00bb description=\u00bbNo importa la hora, primero es tu seguridad, te asistimos desde el primer momento.\u00bb icon_size=\u00bb115px\u00bb _builder_version=\u00bb4.24.1&#8243; _module_preset=\u00bbdefault\u00bb title_font=\u00bbOutfit||||||||\u00bb title_text_color=\u00bb#E74100&#8243; description_font=\u00bbOutfit||||||||\u00bb description_text_color=\u00bb#494949&#8243; description_font_size=\u00bb16px\u00bb custom_padding=\u00bb0px|0px|0px|0px|true|true\u00bb border_width_all_box=\u00bb0px\u00bb global_colors_info=\u00bb{}\u00bb][\/ba_icon_box][\/et_pb_column][et_pb_column type=\u00bb1_5&#8243; _builder_version=\u00bb4.24.1&#8243; _module_preset=\u00bbdefault\u00bb global_colors_info=\u00bb{}\u00bb][ba_icon_box use_image=\u00bbon\u00bb icon_image=\u00bbhttps:\/\/gruaslosnachos.studiocreativosg.com\/wp-content\/uploads\/2024\/02\/grua.png\u00bb title=\u00bbLLevamos tu encomienda\u00bb description=\u00bbOfrecemos soluciones integrales para el traslado de tu encomienda en todo el territorio nacional.\u00bb icon_size=\u00bb115px\u00bb _builder_version=\u00bb4.24.1&#8243; _module_preset=\u00bbdefault\u00bb title_font=\u00bbOutfit||||||||\u00bb title_text_color=\u00bb#E74100&#8243; description_font=\u00bbOutfit||||||||\u00bb description_text_color=\u00bb#494949&#8243; description_font_size=\u00bb16px\u00bb custom_padding=\u00bb0px|0px|0px|0px|true|true\u00bb border_width_all_box=\u00bb0px\u00bb global_colors_info=\u00bb{}\u00bb][\/ba_icon_box][\/et_pb_column][\/et_pb_row][\/et_pb_section][et_pb_section fb_built=\u00bb1&#8243; fullwidth=\u00bbon\u00bb _builder_version=\u00bb4.24.1&#8243; _module_preset=\u00bbdefault\u00bb background_color=\u00bb#E74100&#8243; da_disable_devices=\u00bboff|off|off\u00bb global_colors_info=\u00bb{}\u00bb da_is_popup=\u00bboff\u00bb da_exit_intent=\u00bboff\u00bb da_has_close=\u00bbon\u00bb da_alt_close=\u00bboff\u00bb da_dark_close=\u00bboff\u00bb da_not_modal=\u00bbon\u00bb da_is_singular=\u00bboff\u00bb da_with_loader=\u00bboff\u00bb da_has_shadow=\u00bbon\u00bb][et_pb_fullwidth_header title=\u00bbTu veh\u00edculo en buenas manos, siempre.\u00bb subhead=\u00bbTransporte y gr\u00faa de veh\u00edculos en Santiago de Chile con responsabilidad, garant\u00eda, rapidez y atenci\u00f3n inmediata.\u00bb text_orientation=\u00bbcenter\u00bb button_one_text=\u00bbNECESITO UNA GRUA\u00bb button_one_url=\u00bbhttps:\/\/wa.link\/u2fa3h\u00bb admin_label=\u00bbT\u00edtulo de anchura completa\u00bb _builder_version=\u00bb4.24.1&#8243; _module_preset=\u00bbdefault\u00bb title_font=\u00bbAntonio||||||||\u00bb title_text_align=\u00bbcenter\u00bb title_text_color=\u00bb#FDEDF8&#8243; subhead_text_align=\u00bbcenter\u00bb background_color=\u00bb#E74100&#8243; background_image=\u00bbhttps:\/\/gruaslosnachos.studiocreativosg.com\/wp-content\/uploads\/2024\/02\/tow-truck-scaled.jpeg\u00bb parallax=\u00bbon\u00bb custom_button_one=\u00bbon\u00bb button_one_text_size=\u00bb20px\u00bb custom_css_free_form=\u00bb.et_parallax_bg_wrap{||  mix-blend-mode:overlay;||opacity:0.2||}\u00bb global_colors_info=\u00bb{}\u00bb][\/et_pb_fullwidth_header][\/et_pb_section][et_pb_section fb_built=\u00bb1&#8243; specialty=\u00bbon\u00bb _builder_version=\u00bb4.24.1&#8243; _module_preset=\u00bbdefault\u00bb background_color=\u00bbRGBA(255,255,255,0)\u00bb use_background_color_gradient=\u00bbon\u00bb background_color_gradient_stops=\u00bb#494949 0%|#00030a 100%\u00bb custom_padding=\u00bb0px|||||\u00bb da_disable_devices=\u00bboff|off|off\u00bb global_colors_info=\u00bb{}\u00bb da_is_popup=\u00bboff\u00bb da_exit_intent=\u00bboff\u00bb da_has_close=\u00bbon\u00bb da_alt_close=\u00bboff\u00bb da_dark_close=\u00bboff\u00bb da_not_modal=\u00bbon\u00bb da_is_singular=\u00bboff\u00bb da_with_loader=\u00bboff\u00bb da_has_shadow=\u00bbon\u00bb][et_pb_column type=\u00bb1_2&#8243; admin_label=\u00bbGaleria foto  y titulo\u00bb _builder_version=\u00bb4.16&#8243; custom_padding=\u00bb|||\u00bb global_colors_info=\u00bb{}\u00bb custom_padding__hover=\u00bb|||\u00bb][et_pb_gallery gallery_ids=\u00bb94,91&#8243; gallery_orderby=\u00bbrand\u00bb fullwidth=\u00bbon\u00bb _builder_version=\u00bb4.24.1&#8243; _module_preset=\u00bbdefault\u00bb custom_margin=\u00bb|-40px||||\u00bb border_radii=\u00bbon|10px|10px|10px|10px\u00bb global_colors_info=\u00bb{}\u00bb][\/et_pb_gallery][dsm_block_reveal_text block_reveal_text=\u00bb\u00a1La experiencia que nos respalda!\u00bb block_reveal_color=\u00bb#FF6B30&#8243; _builder_version=\u00bb4.24.1&#8243; _module_preset=\u00bbdefault\u00bb header_font=\u00bbOutfit|800|||||||\u00bb header_text_color=\u00bb#FF510C\u00bb header_font_size=\u00bb33px\u00bb header_line_height=\u00bb1.2em\u00bb global_colors_info=\u00bb{}\u00bb][\/dsm_block_reveal_text][dsm_block_reveal_text block_reveal_text=\u00bbContamos con una amplia experiencia en el sector del transporte y la asistencia en carretera. Personal altamente calificado: Nuestro equipo est\u00e1 formado por profesionales altamente cualificados y con amplia experiencia. Certificaciones: Contamos con todas las certificaciones y permisos necesarios para operar en el sector.\u00bb block_reveal_color=\u00bb#FF6B30&#8243; _builder_version=\u00bb4.24.1&#8243; _module_preset=\u00bbdefault\u00bb header_font=\u00bbOutfit|600|||||||\u00bb header_text_color=\u00bb#FDEDF8&#8243; header_font_size=\u00bb16px\u00bb header_line_height=\u00bb1.2em\u00bb global_colors_info=\u00bb{}\u00bb][\/dsm_block_reveal_text][\/et_pb_column][et_pb_column type=\u00bb1_2&#8243; specialty_columns=\u00bb2&#8243; _builder_version=\u00bb4.16&#8243; custom_padding=\u00bb|||\u00bb global_colors_info=\u00bb{}\u00bb custom_padding__hover=\u00bb|||\u00bb][et_pb_row_inner column_structure=\u00bb1_2,1_2&#8243; use_custom_gutter=\u00bbon\u00bb gutter_width=\u00bb1&#8243; make_equal=\u00bbon\u00bb _builder_version=\u00bb4.24.1&#8243; _module_preset=\u00bbdefault\u00bb transform_scale=\u00bb102%|102%\u00bb width=\u00bb100%\u00bb module_alignment=\u00bbcenter\u00bb custom_padding=\u00bb|0px|35px||false|false\u00bb border_radii=\u00bbon|10px|10px|10px|10px\u00bb global_colors_info=\u00bb{}\u00bb][et_pb_column_inner type=\u00bb1_2&#8243; saved_specialty_column_type=\u00bb1_2&#8243; _builder_version=\u00bb4.24.1&#8243; _module_preset=\u00bbdefault\u00bb transform_scale=\u00bb98%|98%\u00bb custom_padding=\u00bb0px|0px|0px|0px|false|false\u00bb border_radii=\u00bbon|10px|10px|10px|10px\u00bb global_colors_info=\u00bb{}\u00bb][et_pb_image src=\u00bbhttps:\/\/gruaslosnachos.studiocreativosg.com\/wp-content\/uploads\/2024\/02\/Sin-titulo-4-copia.jpg\u00bb title_text=\u00bbSin-t\u00edtulo-4-copia\u00bb show_in_lightbox=\u00bbon\u00bb _builder_version=\u00bb4.24.1&#8243; _module_preset=\u00bbdefault\u00bb border_radii=\u00bbon|10px|10px|10px|10px\u00bb global_colors_info=\u00bb{}\u00bb][\/et_pb_image][\/et_pb_column_inner][et_pb_column_inner type=\u00bb1_2&#8243; saved_specialty_column_type=\u00bb1_2&#8243; _builder_version=\u00bb4.24.1&#8243; _module_preset=\u00bbdefault\u00bb transform_translate=\u00bb11px|4px\u00bb custom_padding=\u00bb0px|0px|0px|0px|false|false\u00bb border_radii=\u00bbon|10px|10px|10px|10px\u00bb global_colors_info=\u00bb{}\u00bb][et_pb_image src=\u00bbhttps:\/\/gruaslosnachos.studiocreativosg.com\/wp-content\/uploads\/2024\/02\/Sin-titulo-2-copia.jpg\u00bb title_text=\u00bbSin-t\u00edtulo-2-copia\u00bb align=\u00bbcenter\u00bb force_fullwidth=\u00bbon\u00bb _builder_version=\u00bb4.24.1&#8243; _module_preset=\u00bbdefault\u00bb transform_scale=\u00bb92%|92%\u00bb module_alignment=\u00bbcenter\u00bb min_height=\u00bb100%\u00bb height=\u00bb275px\u00bb max_height=\u00bb100%\u00bb custom_margin=\u00bb||||false|false\u00bb border_radii=\u00bbon|10px|10px|10px|10px\u00bb global_colors_info=\u00bb{}\u00bb][\/et_pb_image][\/et_pb_column_inner][\/et_pb_row_inner][et_pb_row_inner use_custom_gutter=\u00bbon\u00bb gutter_width=\u00bb1&#8243; make_equal=\u00bbon\u00bb _builder_version=\u00bb4.24.1&#8243; _module_preset=\u00bbdefault\u00bb width=\u00bb100%\u00bb max_width=\u00bb100%\u00bb module_alignment=\u00bbcenter\u00bb min_height=\u00bb343px\u00bb height=\u00bb366px\u00bb custom_margin=\u00bb11px|0px|25px|0px|false|true\u00bb custom_padding=\u00bb0px|0px|0px|0px|true|true\u00bb border_radii=\u00bbon|10px|10px|10px|10px\u00bb global_colors_info=\u00bb{}\u00bb][et_pb_column_inner saved_specialty_column_type=\u00bb1_2&#8243; _builder_version=\u00bb4.24.1&#8243; _module_preset=\u00bbdefault\u00bb global_colors_info=\u00bb{}\u00bb][et_pb_image src=\u00bbhttps:\/\/gruaslosnachos.studiocreativosg.com\/wp-content\/uploads\/2024\/02\/Grua-2.jpg\u00bb title_text=\u00bbGrua-2&#8243; show_bottom_space=\u00bboff\u00bb force_fullwidth=\u00bbon\u00bb _builder_version=\u00bb4.24.1&#8243; _module_preset=\u00bbdefault\u00bb min_height=\u00bb402px\u00bb height=\u00bb139px\u00bb overflow-x=\u00bbhidden\u00bb overflow-y=\u00bbhidden\u00bb custom_margin=\u00bb||-247px|||\u00bb custom_padding=\u00bb0px|0px|0px|||\u00bb global_colors_info=\u00bb{}\u00bb][\/et_pb_image][\/et_pb_column_inner][\/et_pb_row_inner][\/et_pb_column][\/et_pb_section][et_pb_section fb_built=\u00bb1&#8243; _builder_version=\u00bb4.24.1&#8243; _module_preset=\u00bbdefault\u00bb background_color=\u00bb#292676&#8243; width=\u00bb100%\u00bb max_width=\u00bb100%\u00bb module_alignment=\u00bbcenter\u00bb custom_padding=\u00bb0px||0px|||\u00bb da_disable_devices=\u00bboff|off|off\u00bb global_colors_info=\u00bb{}\u00bb da_is_popup=\u00bboff\u00bb da_exit_intent=\u00bboff\u00bb da_has_close=\u00bbon\u00bb da_alt_close=\u00bboff\u00bb da_dark_close=\u00bboff\u00bb da_not_modal=\u00bbon\u00bb da_is_singular=\u00bboff\u00bb da_with_loader=\u00bboff\u00bb da_has_shadow=\u00bbon\u00bb][et_pb_row column_structure=\u00bb1_2,1_2&#8243; _builder_version=\u00bb4.24.1&#8243; _module_preset=\u00bbdefault\u00bb custom_padding=\u00bb0px||0px|||\u00bb global_colors_info=\u00bb{}\u00bb][et_pb_column type=\u00bb1_2&#8243; module_class=\u00bbrutas\u00bb admin_label=\u00bbColumna\u00bb _builder_version=\u00bb4.24.1&#8243; _module_preset=\u00bbdefault\u00bb custom_padding=\u00bb1px||||false|false\u00bb custom_css_free_form=\u00bb.rutas{||  display:flex;||  flex-flow: row wrap;||  justify-content: space-between;||}\u00bb global_colors_info=\u00bb{}\u00bb][et_pb_heading title=\u00bbCobertura en las siguientes zonas dentro de Chile:\u00bb _builder_version=\u00bb4.24.1&#8243; _module_preset=\u00bbdefault\u00bb title_font=\u00bbOutfit|800|on||||||\u00bb title_text_color=\u00bb#FF6B30&#8243; title_font_size=\u00bb46px\u00bb custom_padding=\u00bb32px|||||\u00bb global_colors_info=\u00bb{}\u00bb][\/et_pb_heading][dsm_icon_list list_space_between=\u00bb-15px\u00bb _builder_version=\u00bb4.24.1&#8243; _module_preset=\u00bbdefault\u00bb global_colors_info=\u00bb{}\u00bb][dsm_icon_list_child text=\u00bbRuta Norte\u00bb font_icon=\u00bb&#xf101;||fa||900&#8243; icon_color=\u00bb#FDEDF8&#8243; use_tooltip=\u00bbon\u00bb _builder_version=\u00bb4.24.1&#8243; _module_preset=\u00bbdefault\u00bb text_font=\u00bbOutfit||||||||\u00bb text_text_color=\u00bb#FDEDF8&#8243; text_font_size=\u00bb18px\u00bb global_colors_info=\u00bb{}\u00bb]<\/p>\n<p>Zona de cobertura<\/p>\n<p>[\/dsm_icon_list_child][dsm_icon_list_child text=\u00bbRuta Sur 5 Norte\u00bb font_icon=\u00bb&#xf101;||fa||900&#8243; icon_color=\u00bb#FDEDF8&#8243; use_tooltip=\u00bbon\u00bb _builder_version=\u00bb4.24.1&#8243; _module_preset=\u00bbdefault\u00bb text_font=\u00bbOutfit||||||||\u00bb text_text_color=\u00bb#FDEDF8&#8243; text_font_size=\u00bb18px\u00bb global_colors_info=\u00bb{}\u00bb]<\/p>\n<p>Zona de cobertura<\/p>\n<p>[\/dsm_icon_list_child][dsm_icon_list_child text=\u00bbRancagua\u00bb font_icon=\u00bb&#xf101;||fa||900&#8243; icon_color=\u00bb#FDEDF8&#8243; use_tooltip=\u00bbon\u00bb _builder_version=\u00bb4.24.1&#8243; _module_preset=\u00bbdefault\u00bb text_font=\u00bbOutfit||||||||\u00bb text_text_color=\u00bb#FDEDF8&#8243; text_font_size=\u00bb18px\u00bb global_colors_info=\u00bb{}\u00bb]<\/p>\n<p>Zona de cobertura<\/p>\n<p>[\/dsm_icon_list_child][dsm_icon_list_child text=\u00bbLas Codes\u00bb font_icon=\u00bb&#xf101;||fa||900&#8243; icon_color=\u00bb#FDEDF8&#8243; use_tooltip=\u00bbon\u00bb _builder_version=\u00bb4.24.1&#8243; _module_preset=\u00bbdefault\u00bb text_font=\u00bbOutfit||||||||\u00bb text_text_color=\u00bb#FDEDF8&#8243; text_font_size=\u00bb18px\u00bb global_colors_info=\u00bb{}\u00bb]<\/p>\n<p>Zona de cobertura<\/p>\n<p>[\/dsm_icon_list_child][\/dsm_icon_list][dsm_icon_list list_space_between=\u00bb-15px\u00bb _builder_version=\u00bb4.24.1&#8243; _module_preset=\u00bbdefault\u00bb global_colors_info=\u00bb{}\u00bb][dsm_icon_list_child text=\u00bbSan Bernardo\u00bb font_icon=\u00bb&#xf101;||fa||900&#8243; icon_color=\u00bb#FDEDF8&#8243; use_tooltip=\u00bbon\u00bb _builder_version=\u00bb4.24.1&#8243; _module_preset=\u00bbdefault\u00bb text_font=\u00bbOutfit||||||||\u00bb text_text_color=\u00bb#FDEDF8&#8243; text_font_size=\u00bb18px\u00bb global_colors_info=\u00bb{}\u00bb]<\/p>\n<p>Zona de cobertura<\/p>\n<p>[\/dsm_icon_list_child][dsm_icon_list_child text=\u00bbRuta 68\/ Ruta 78&#8243; font_icon=\u00bb&#xf101;||fa||900&#8243; icon_color=\u00bb#FDEDF8&#8243; use_tooltip=\u00bbon\u00bb _builder_version=\u00bb4.24.1&#8243; _module_preset=\u00bbdefault\u00bb text_font=\u00bbOutfit||||||||\u00bb text_text_color=\u00bb#FDEDF8&#8243; text_font_size=\u00bb18px\u00bb global_colors_info=\u00bb{}\u00bb]<\/p>\n<p>Zona de cobertura<\/p>\n<p>[\/dsm_icon_list_child][dsm_icon_list_child text=\u00bbDentro y Fuera de Santiago\u00bb font_icon=\u00bb&#xf101;||fa||900&#8243; icon_color=\u00bb#FDEDF8&#8243; use_tooltip=\u00bbon\u00bb _builder_version=\u00bb4.24.1&#8243; _module_preset=\u00bbdefault\u00bb text_font=\u00bbOutfit||||||||\u00bb text_text_color=\u00bb#FDEDF8&#8243; text_font_size=\u00bb18px\u00bb global_colors_info=\u00bb{}\u00bb]<\/p>\n<p>Zona de cobertura<\/p>\n<p>[\/dsm_icon_list_child][\/dsm_icon_list][et_pb_button button_url=\u00bbhttps:\/\/wa.link\/u2fa3h\u00bb button_text=\u00bbNECESITO UNA GR\u00daA\u00bb _builder_version=\u00bb4.24.1&#8243; _module_preset=\u00bbdefault\u00bb custom_button=\u00bbon\u00bb button_text_color=\u00bb#FDEDF8&#8243; button_bg_color=\u00bbRGBA(255,255,255,0)\u00bb custom_margin=\u00bb||20px||false|false\u00bb global_colors_info=\u00bb{}\u00bb button_bg_color__hover_enabled=\u00bbon|hover\u00bb button_bg_color__hover=\u00bb#00EAEA\u00bb button_bg_enable_color__hover=\u00bbon\u00bb button_text_color__hover_enabled=\u00bbon|desktop\u00bb button_text_color__hover=\u00bb#FDEDF8&#8243;][\/et_pb_button][\/et_pb_column][et_pb_column type=\u00bb1_2&#8243; _builder_version=\u00bb4.24.1&#8243; _module_preset=\u00bbdefault\u00bb global_colors_info=\u00bb{}\u00bb][dsm_perspective_image src=\u00bbhttps:\/\/gruaslosnachos.studiocreativosg.com\/wp-content\/uploads\/2024\/02\/servicio-de-grua.png\u00bb title_text=\u00bbservicio-de-grua\u00bb _builder_version=\u00bb4.24.1&#8243; _module_preset=\u00bbdefault\u00bb width=\u00bb84%\u00bb custom_margin=\u00bb17px||||false|false\u00bb global_colors_info=\u00bb{}\u00bb][\/dsm_perspective_image][\/et_pb_column][\/et_pb_row][\/et_pb_section]<\/p>\n","protected":false},"excerpt":{"rendered":"<div class=\"ba_info_box ba_info_box_0 ba_et_pb_module\">\n\t\t\t\t\n\t\t\t\t\n\t\t\t\t\n\t\t\t\t\n\t\t\t\t\n\t\t\t\t\n\t\t\t\t<div class=\"et_pb_module_inner\">\n\t\t\t\t\t<div class=\"dtq-info-box dtq-swapped-img-selector dtq-hover--none\">\n\t\t\t    <div class=\"dtq-info-box-figure\"> <div class=\"dtq-content-video et_pb_video\">\n\t\t\t\t\t<div class=\"et_pb_video_box dtq-content-video-wrap\">\n\t\t\t\t\t\t<video controls><source type=\"video\/mp4\" src=\"\"><\/video>\n\t\t\t\t\t<\/div>\n\t\t\t\t\t\n\t\t\t\t<\/div><\/div>\n                <div class=\"dtq-info-box-content\">\n                    <h2 class=\"dtq-info-box-title\">\u00bbAtenci\u00f3n<\/h2> <div class=\"dtq-mce-content\">\u00bbNo<\/div> \n                <\/div>\n\t\t    <\/div>\n\t\t\t\t<\/div>\n\t\t\t<\/div>\n","protected":false},"author":1,"featured_media":0,"parent":0,"menu_order":0,"comment_status":"closed","ping_status":"closed","template":"","meta":{"_et_pb_use_builder":"on","_et_pb_old_content":"","_et_gb_content_width":"","footnotes":""},"_links":{"self":[{"href":"https:\/\/gruaslosnachos.studiocreativosg.com\/index.php\/wp-json\/wp\/v2\/pages\/6"}],"collection":[{"href":"https:\/\/gruaslosnachos.studiocreativosg.com\/index.php\/wp-json\/wp\/v2\/pages"}],"about":[{"href":"https:\/\/gruaslosnachos.studiocreativosg.com\/index.php\/wp-json\/wp\/v2\/types\/page"}],"author":[{"embeddable":true,"href":"https:\/\/gruaslosnachos.studiocreativosg.com\/index.php\/wp-json\/wp\/v2\/users\/1"}],"replies":[{"embeddable":true,"href":"https:\/\/gruaslosnachos.studiocreativosg.com\/index.php\/wp-json\/wp\/v2\/comments?post=6"}],"version-history":[{"count":40,"href":"https:\/\/gruaslosnachos.studiocreativosg.com\/index.php\/wp-json\/wp\/v2\/pages\/6\/revisions"}],"predecessor-version":[{"id":178,"href":"https:\/\/gruaslosnachos.studiocreativosg.com\/index.php\/wp-json\/wp\/v2\/pages\/6\/revisions\/178"}],"wp:attachment":[{"href":"https:\/\/gruaslosnachos.studiocreativosg.com\/index.php\/wp-json\/wp\/v2\/media?parent=6"}],"curies":[{"name":"wp","href":"https:\/\/api.w.org\/{rel}","templated":true}]}}